{"id":578,"date":"2019-11-07T06:35:39","date_gmt":"2019-11-07T06:35:39","guid":{"rendered":"http:\/\/localhost\/wp\/sarmaya\/?page_id=578"},"modified":"2019-11-07T06:35:39","modified_gmt":"2019-11-07T06:35:39","slug":"blog-right-sidebar-3","status":"publish","type":"page","link":"https://blog.infoempresa.com\/es\/blog-right-sidebar-3\/","title":{"rendered":"Blog Card Right Sidebar"},"content":{"rendered":"\t\t<div data-elementor-type=\"wp-page\" data-elementor-id=\"578\" class=\"elementor elementor-578\">\n\t\t\t\t\t\t\t\t\t<section class=\"elementor-section elementor-top-section elementor-element elementor-element-3210e1a elementor-section-boxed elementor-section-height-default elementor-section-height-default\" data-id=\"3210e1a\" data-element_type=\"section\">\n\t\t\t\t\t\t<div class=\"elementor-container elementor-column-gap-wider\">\n\t\t\t\t\t<div class=\"elementor-column elementor-col-66 elementor-top-column elementor-element elementor-element-8b52e42\" data-id=\"8b52e42\" data-element_type=\"column\">\n\t\t\t<div class=\"elementor-widget-wrap elementor-element-populated\">\n\t\t\t\t\t\t\t\t<div class=\"elementor-element elementor-element-0a9f76e elementor-grid-3 elementor-grid-tablet-2 elementor-grid-mobile-1 elementor-posts--thumbnail-top elementor-widget elementor-widget-posts\" data-id=\"0a9f76e\" data-element_type=\"widget\" data-settings=\"{&quot;classic_columns&quot;:&quot;3&quot;,&quot;classic_columns_tablet&quot;:&quot;2&quot;,&quot;classic_columns_mobile&quot;:&quot;1&quot;,&quot;classic_row_gap&quot;:{&quot;unit&quot;:&quot;px&quot;,&quot;size&quot;:35,&quot;sizes&quot;:[]},&quot;classic_row_gap_tablet&quot;:{&quot;unit&quot;:&quot;px&quot;,&quot;size&quot;:&quot;&quot;,&quot;sizes&quot;:[]},&quot;classic_row_gap_mobile&quot;:{&quot;unit&quot;:&quot;px&quot;,&quot;size&quot;:&quot;&quot;,&quot;sizes&quot;:[]}}\" data-widget_type=\"posts.classic\">\n\t\t\t\t<div class=\"elementor-widget-container\">\n\t\t\t<link rel=\"stylesheet\" href=\"https://blog.infoempresa.com\/wp-content\/plugins\/elementor-pro\/assets\/css\/widget-posts.min.css\">\t\t<div class=\"elementor-posts-container elementor-posts elementor-posts--skin-classic elementor-grid\">\n\t\t\t\t<article class=\"elementor-post elementor-grid-item post-65124 post type-post status-publish format-standard has-post-thumbnail hentry category-sin-categorizar entry\">\n\t\t\t\t<a class=\"elementor-post__thumbnail__link\" href=\"https://blog.infoempresa.com\/es\/cadena-de-suministro-local-tu-ventaja-competitiva\/\" >\n\t\t\t<div class=\"elementor-post__thumbnail\"><img loading=\"lazy\" decoding=\"async\" width=\"300\" height=\"184\" src=\"https://blog.infoempresa.com\/wp-content\/uploads\/2025\/06\/infoempresa-cadena-de-suministro-300x184.jpg\" class=\"attachment-medium size-medium wp-image-65132\" alt=\"\" srcset=\"https://blog.infoempresa.com\/wp-content\/uploads\/2025\/06\/infoempresa-cadena-de-suministro-300x184.jpg 300w, https://blog.infoempresa.com\/wp-content\/uploads\/2025\/06\/infoempresa-cadena-de-suministro-768x472.jpg 768w, https://blog.infoempresa.com\/wp-content\/uploads\/2025\/06\/infoempresa-cadena-de-suministro.jpg 941w\" sizes=\"(max-width: 300px) 100vw, 300px\" \/><\/div>\n\t\t<\/a>\n\t\t\t\t<div class=\"elementor-post__text\">\n\t\t\t\t<h3 class=\"elementor-post__title\">\n\t\t\t<a href=\"https://blog.infoempresa.com\/es\/cadena-de-suministro-local-tu-ventaja-competitiva\/\" >\n\t\t\t\tCadena de suministro local: tu ventaja competitiva\t\t\t<\/a>\n\t\t<\/h3>\n\t\t\t\t<div class=\"elementor-post__meta-data\">\n\t\t\t\t\t<span class=\"elementor-post-date\">\n\t\t\t16 de junio de 2025\t\t<\/span>\n\t\t\t\t<span class=\"elementor-post-avatar\">\n\t\t\tNo hay comentarios\t\t<\/span>\n\t\t\t\t<\/div>\n\t\t\t\t<div class=\"elementor-post__excerpt\">\n\t\t\t<p>En un mundo cada vez m\u00e1s interconectado, la globalizaci\u00f3n ha ofrecido innumerables oportunidades para las empresas. Sin embargo, los \u00faltimos a\u00f1os, marcados por la pandemia,<\/p>\n\t\t<\/div>\n\t\t\n\t\t<a class=\"elementor-post__read-more\" href=\"https://blog.infoempresa.com\/es\/cadena-de-suministro-local-tu-ventaja-competitiva\/\" aria-label=\"M\u00e1s informaci\u00f3n sobre Cadena de suministro local: tu ventaja competitiva\" >\n\t\t\tLeer m\u00e1s \u00bb\t\t<\/a>\n\n\t\t\t\t<\/div>\n\t\t\t\t<\/article>\n\t\t\t\t<article class=\"elementor-post elementor-grid-item post-64578 post type-post status-publish format-standard has-post-thumbnail hentry category-business category-corporate category-sin-categorizar entry\">\n\t\t\t\t<a class=\"elementor-post__thumbnail__link\" href=\"https://blog.infoempresa.com\/es\/sucesion-familiar-asegurando-el-futuro-de-tu-negocio\/\" >\n\t\t\t<div class=\"elementor-post__thumbnail\"><img loading=\"lazy\" decoding=\"async\" width=\"300\" height=\"184\" src=\"https://blog.infoempresa.com\/wp-content\/uploads\/2025\/06\/infoempresa-sucesion-300x184.jpg\" class=\"attachment-medium size-medium wp-image-64585\" alt=\"\" srcset=\"https://blog.infoempresa.com\/wp-content\/uploads\/2025\/06\/infoempresa-sucesion-300x184.jpg 300w, https://blog.infoempresa.com\/wp-content\/uploads\/2025\/06\/infoempresa-sucesion-768x472.jpg 768w, https://blog.infoempresa.com\/wp-content\/uploads\/2025\/06\/infoempresa-sucesion.jpg 941w\" sizes=\"(max-width: 300px) 100vw, 300px\" \/><\/div>\n\t\t<\/a>\n\t\t\t\t<div class=\"elementor-post__text\">\n\t\t\t\t<h3 class=\"elementor-post__title\">\n\t\t\t<a href=\"https://blog.infoempresa.com\/es\/sucesion-familiar-asegurando-el-futuro-de-tu-negocio\/\" >\n\t\t\t\tSucesi\u00f3n familiar: asegurando el futuro de tu negocio\t\t\t<\/a>\n\t\t<\/h3>\n\t\t\t\t<div class=\"elementor-post__meta-data\">\n\t\t\t\t\t<span class=\"elementor-post-date\">\n\t\t\t9 de junio de 2025\t\t<\/span>\n\t\t\t\t<span class=\"elementor-post-avatar\">\n\t\t\tNo hay comentarios\t\t<\/span>\n\t\t\t\t<\/div>\n\t\t\t\t<div class=\"elementor-post__excerpt\">\n\t\t\t<p>Las empresas familiares son el alma de muchas econom\u00edas, un pilar esencial en la creaci\u00f3n de empleo y prosperidad. Sin embargo, su supervivencia a largo<\/p>\n\t\t<\/div>\n\t\t\n\t\t<a class=\"elementor-post__read-more\" href=\"https://blog.infoempresa.com\/es\/sucesion-familiar-asegurando-el-futuro-de-tu-negocio\/\" aria-label=\"M\u00e1s informaci\u00f3n sobre Sucesi\u00f3n familiar: asegurando el futuro de tu negocio\" >\n\t\t\tLeer m\u00e1s \u00bb\t\t<\/a>\n\n\t\t\t\t<\/div>\n\t\t\t\t<\/article>\n\t\t\t\t<article class=\"elementor-post elementor-grid-item post-64033 post type-post status-publish format-standard has-post-thumbnail hentry category-business category-finance category-sin-categorizar entry\">\n\t\t\t\t<a class=\"elementor-post__thumbnail__link\" href=\"https://blog.infoempresa.com\/es\/el-coste-de-oportunidad-el-precio-invisible-de-cada-decision-empresarial\/\" >\n\t\t\t<div class=\"elementor-post__thumbnail\"><img loading=\"lazy\" decoding=\"async\" width=\"300\" height=\"200\" src=\"https://blog.infoempresa.com\/wp-content\/uploads\/2025\/06\/pexels-jeshoots-com-147458-1040157-300x200.jpg\" class=\"attachment-medium size-medium wp-image-64038\" alt=\"\" srcset=\"https://blog.infoempresa.com\/wp-content\/uploads\/2025\/06\/pexels-jeshoots-com-147458-1040157-300x200.jpg 300w, https://blog.infoempresa.com\/wp-content\/uploads\/2025\/06\/pexels-jeshoots-com-147458-1040157-1024x683.jpg 1024w, https://blog.infoempresa.com\/wp-content\/uploads\/2025\/06\/pexels-jeshoots-com-147458-1040157-768x512.jpg 768w, https://blog.infoempresa.com\/wp-content\/uploads\/2025\/06\/pexels-jeshoots-com-147458-1040157-1536x1024.jpg 1536w, https://blog.infoempresa.com\/wp-content\/uploads\/2025\/06\/pexels-jeshoots-com-147458-1040157-2048x1365.jpg 2048w, https://blog.infoempresa.com\/wp-content\/uploads\/2025\/06\/pexels-jeshoots-com-147458-1040157-1200x800.jpg 1200w, https://blog.infoempresa.com\/wp-content\/uploads\/2025\/06\/pexels-jeshoots-com-147458-1040157-600x400.jpg 600w, https://blog.infoempresa.com\/wp-content\/uploads\/2025\/06\/pexels-jeshoots-com-147458-1040157-1736x1157.jpg 1736w\" sizes=\"(max-width: 300px) 100vw, 300px\" \/><\/div>\n\t\t<\/a>\n\t\t\t\t<div class=\"elementor-post__text\">\n\t\t\t\t<h3 class=\"elementor-post__title\">\n\t\t\t<a href=\"https://blog.infoempresa.com\/es\/el-coste-de-oportunidad-el-precio-invisible-de-cada-decision-empresarial\/\" >\n\t\t\t\tEl coste de oportunidad: el precio invisible de cada decisi\u00f3n empresarial\t\t\t<\/a>\n\t\t<\/h3>\n\t\t\t\t<div class=\"elementor-post__meta-data\">\n\t\t\t\t\t<span class=\"elementor-post-date\">\n\t\t\t2 de junio de 2025\t\t<\/span>\n\t\t\t\t<span class=\"elementor-post-avatar\">\n\t\t\tNo hay comentarios\t\t<\/span>\n\t\t\t\t<\/div>\n\t\t\t\t<div class=\"elementor-post__excerpt\">\n\t\t\t<p>En el din\u00e1mico mundo empresarial, cada d\u00eda nos enfrentamos a una cascada de decisiones: \u00bfInvertimos en esta nueva tecnolog\u00eda o en aquella campa\u00f1a de marketing?<\/p>\n\t\t<\/div>\n\t\t\n\t\t<a class=\"elementor-post__read-more\" href=\"https://blog.infoempresa.com\/es\/el-coste-de-oportunidad-el-precio-invisible-de-cada-decision-empresarial\/\" aria-label=\"M\u00e1s informaci\u00f3n sobre El coste de oportunidad: el precio invisible de cada decisi\u00f3n empresarial\" >\n\t\t\tLeer m\u00e1s \u00bb\t\t<\/a>\n\n\t\t\t\t<\/div>\n\t\t\t\t<\/article>\n\t\t\t\t<article class=\"elementor-post elementor-grid-item post-63488 post type-post status-publish format-standard has-post-thumbnail hentry category-business category-sin-categorizar entry\">\n\t\t\t\t<a class=\"elementor-post__thumbnail__link\" href=\"https://blog.infoempresa.com\/es\/nichos-ignorados-como-identificarlos-y-convertirlos-en-una-oportunidad-de-negocio\/\" >\n\t\t\t<div class=\"elementor-post__thumbnail\"><img loading=\"lazy\" decoding=\"async\" width=\"300\" height=\"218\" src=\"https://blog.infoempresa.com\/wp-content\/uploads\/2025\/05\/pexels-chaleco-de-mono-531361061-16471917-300x218.jpg\" class=\"attachment-medium size-medium wp-image-63493\" alt=\"\" srcset=\"https://blog.infoempresa.com\/wp-content\/uploads\/2025\/05\/pexels-chaleco-de-mono-531361061-16471917-300x218.jpg 300w, https://blog.infoempresa.com\/wp-content\/uploads\/2025\/05\/pexels-chaleco-de-mono-531361061-16471917-1024x745.jpg 1024w, https://blog.infoempresa.com\/wp-content\/uploads\/2025\/05\/pexels-chaleco-de-mono-531361061-16471917-768x559.jpg 768w, https://blog.infoempresa.com\/wp-content\/uploads\/2025\/05\/pexels-chaleco-de-mono-531361061-16471917-1536x1117.jpg 1536w, https://blog.infoempresa.com\/wp-content\/uploads\/2025\/05\/pexels-chaleco-de-mono-531361061-16471917-2048x1489.jpg 2048w, https://blog.infoempresa.com\/wp-content\/uploads\/2025\/05\/pexels-chaleco-de-mono-531361061-16471917-1736x1263.jpg 1736w\" sizes=\"(max-width: 300px) 100vw, 300px\" \/><\/div>\n\t\t<\/a>\n\t\t\t\t<div class=\"elementor-post__text\">\n\t\t\t\t<h3 class=\"elementor-post__title\">\n\t\t\t<a href=\"https://blog.infoempresa.com\/es\/nichos-ignorados-como-identificarlos-y-convertirlos-en-una-oportunidad-de-negocio\/\" >\n\t\t\t\tNichos ignorados: c\u00f3mo identificarlos y convertirlos en una oportunidad de negocio\t\t\t<\/a>\n\t\t<\/h3>\n\t\t\t\t<div class=\"elementor-post__meta-data\">\n\t\t\t\t\t<span class=\"elementor-post-date\">\n\t\t\t26 de mayo de 2025\t\t<\/span>\n\t\t\t\t<span class=\"elementor-post-avatar\">\n\t\t\tNo hay comentarios\t\t<\/span>\n\t\t\t\t<\/div>\n\t\t\t\t<div class=\"elementor-post__excerpt\">\n\t\t\t<p>En un entorno empresarial cada vez m\u00e1s competitivo, encontrar nichos de mercado con potencial puede marcar la diferencia entre el estancamiento y el crecimiento. Los\u00a0mercados<\/p>\n\t\t<\/div>\n\t\t\n\t\t<a class=\"elementor-post__read-more\" href=\"https://blog.infoempresa.com\/es\/nichos-ignorados-como-identificarlos-y-convertirlos-en-una-oportunidad-de-negocio\/\" aria-label=\"M\u00e1s informaci\u00f3n sobre Nichos ignorados: c\u00f3mo identificarlos y convertirlos en una oportunidad de negocio\" >\n\t\t\tLeer m\u00e1s \u00bb\t\t<\/a>\n\n\t\t\t\t<\/div>\n\t\t\t\t<\/article>\n\t\t\t\t<article class=\"elementor-post elementor-grid-item post-62944 post type-post status-publish format-standard has-post-thumbnail hentry category-business category-corporate category-sin-categorizar entry\">\n\t\t\t\t<a class=\"elementor-post__thumbnail__link\" href=\"https://blog.infoempresa.com\/es\/espana-lider-verde-de-europa-oportunidades-y-desafios-de-la-produccion-ecologica\/\" >\n\t\t\t<div class=\"elementor-post__thumbnail\"><img loading=\"lazy\" decoding=\"async\" width=\"300\" height=\"200\" src=\"https://blog.infoempresa.com\/wp-content\/uploads\/2025\/05\/pexels-enginakyurt-2084239-300x200.jpg\" class=\"attachment-medium size-medium wp-image-62949\" alt=\"\" srcset=\"https://blog.infoempresa.com\/wp-content\/uploads\/2025\/05\/pexels-enginakyurt-2084239-300x200.jpg 300w, https://blog.infoempresa.com\/wp-content\/uploads\/2025\/05\/pexels-enginakyurt-2084239-1024x683.jpg 1024w, https://blog.infoempresa.com\/wp-content\/uploads\/2025\/05\/pexels-enginakyurt-2084239-768x512.jpg 768w, https://blog.infoempresa.com\/wp-content\/uploads\/2025\/05\/pexels-enginakyurt-2084239-1536x1024.jpg 1536w, https://blog.infoempresa.com\/wp-content\/uploads\/2025\/05\/pexels-enginakyurt-2084239-2048x1366.jpg 2048w, https://blog.infoempresa.com\/wp-content\/uploads\/2025\/05\/pexels-enginakyurt-2084239-1200x800.jpg 1200w, https://blog.infoempresa.com\/wp-content\/uploads\/2025\/05\/pexels-enginakyurt-2084239-600x400.jpg 600w, https://blog.infoempresa.com\/wp-content\/uploads\/2025\/05\/pexels-enginakyurt-2084239-1736x1158.jpg 1736w\" sizes=\"(max-width: 300px) 100vw, 300px\" \/><\/div>\n\t\t<\/a>\n\t\t\t\t<div class=\"elementor-post__text\">\n\t\t\t\t<h3 class=\"elementor-post__title\">\n\t\t\t<a href=\"https://blog.infoempresa.com\/es\/espana-lider-verde-de-europa-oportunidades-y-desafios-de-la-produccion-ecologica\/\" >\n\t\t\t\tEspa\u00f1a, l\u00edder verde de Europa: oportunidades y desaf\u00edos de la producci\u00f3n ecol\u00f3gica\t\t\t<\/a>\n\t\t<\/h3>\n\t\t\t\t<div class=\"elementor-post__meta-data\">\n\t\t\t\t\t<span class=\"elementor-post-date\">\n\t\t\t19 de mayo de 2025\t\t<\/span>\n\t\t\t\t<span class=\"elementor-post-avatar\">\n\t\t\tNo hay comentarios\t\t<\/span>\n\t\t\t\t<\/div>\n\t\t\t\t<div class=\"elementor-post__excerpt\">\n\t\t\t<p>Espa\u00f1a ha alcanzado un hito significativo en el panorama agr\u00edcola europeo: se ha convertido en el pa\u00eds con la mayor superficie dedicada a la producci\u00f3n<\/p>\n\t\t<\/div>\n\t\t\n\t\t<a class=\"elementor-post__read-more\" href=\"https://blog.infoempresa.com\/es\/espana-lider-verde-de-europa-oportunidades-y-desafios-de-la-produccion-ecologica\/\" aria-label=\"M\u00e1s informaci\u00f3n sobre Espa\u00f1a, l\u00edder verde de Europa: oportunidades y desaf\u00edos de la producci\u00f3n ecol\u00f3gica\" >\n\t\t\tLeer m\u00e1s \u00bb\t\t<\/a>\n\n\t\t\t\t<\/div>\n\t\t\t\t<\/article>\n\t\t\t\t<article class=\"elementor-post elementor-grid-item post-62399 post type-post status-publish format-standard has-post-thumbnail hentry category-business category-sin-categorizar entry\">\n\t\t\t\t<a class=\"elementor-post__thumbnail__link\" href=\"https://blog.infoempresa.com\/es\/avances-y-aplicaciones-empresariales-de-la-ia-en-el-sector-medico\/\" >\n\t\t\t<div class=\"elementor-post__thumbnail\"><img loading=\"lazy\" decoding=\"async\" width=\"300\" height=\"200\" src=\"https://blog.infoempresa.com\/wp-content\/uploads\/2025\/05\/pexels-tara-winstead-8386360-300x200.jpg\" class=\"attachment-medium size-medium wp-image-62400\" alt=\"\" srcset=\"https://blog.infoempresa.com\/wp-content\/uploads\/2025\/05\/pexels-tara-winstead-8386360-300x200.jpg 300w, https://blog.infoempresa.com\/wp-content\/uploads\/2025\/05\/pexels-tara-winstead-8386360-1024x683.jpg 1024w, https://blog.infoempresa.com\/wp-content\/uploads\/2025\/05\/pexels-tara-winstead-8386360-768x512.jpg 768w, https://blog.infoempresa.com\/wp-content\/uploads\/2025\/05\/pexels-tara-winstead-8386360-1536x1024.jpg 1536w, https://blog.infoempresa.com\/wp-content\/uploads\/2025\/05\/pexels-tara-winstead-8386360-2048x1365.jpg 2048w, https://blog.infoempresa.com\/wp-content\/uploads\/2025\/05\/pexels-tara-winstead-8386360-1200x800.jpg 1200w, https://blog.infoempresa.com\/wp-content\/uploads\/2025\/05\/pexels-tara-winstead-8386360-600x400.jpg 600w, https://blog.infoempresa.com\/wp-content\/uploads\/2025\/05\/pexels-tara-winstead-8386360-1736x1157.jpg 1736w\" sizes=\"(max-width: 300px) 100vw, 300px\" \/><\/div>\n\t\t<\/a>\n\t\t\t\t<div class=\"elementor-post__text\">\n\t\t\t\t<h3 class=\"elementor-post__title\">\n\t\t\t<a href=\"https://blog.infoempresa.com\/es\/avances-y-aplicaciones-empresariales-de-la-ia-en-el-sector-medico\/\" >\n\t\t\t\tAvances y aplicaciones empresariales de la IA en el sector m\u00e9dico\t\t\t<\/a>\n\t\t<\/h3>\n\t\t\t\t<div class=\"elementor-post__meta-data\">\n\t\t\t\t\t<span class=\"elementor-post-date\">\n\t\t\t12 de mayo de 2025\t\t<\/span>\n\t\t\t\t<span class=\"elementor-post-avatar\">\n\t\t\tNo hay comentarios\t\t<\/span>\n\t\t\t\t<\/div>\n\t\t\t\t<div class=\"elementor-post__excerpt\">\n\t\t\t<p>Desde el diagn\u00f3stico temprano hasta la gesti\u00f3n hospitalaria, las aplicaciones basadas en inteligencia artificial est\u00e1n revolucionando la forma en que se prestan los servicios de<\/p>\n\t\t<\/div>\n\t\t\n\t\t<a class=\"elementor-post__read-more\" href=\"https://blog.infoempresa.com\/es\/avances-y-aplicaciones-empresariales-de-la-ia-en-el-sector-medico\/\" aria-label=\"M\u00e1s informaci\u00f3n sobre Avances y aplicaciones empresariales de la IA en el sector m\u00e9dico\" >\n\t\t\tLeer m\u00e1s \u00bb\t\t<\/a>\n\n\t\t\t\t<\/div>\n\t\t\t\t<\/article>\n\t\t\t\t<\/div>\n\t\t\n\t\t\t\t<\/div>\n\t\t\t\t<\/div>\n\t\t\t\t\t<\/div>\n\t\t<\/div>\n\t\t\t\t<div class=\"elementor-column elementor-col-33 elementor-top-column elementor-element elementor-element-6c319f6\" data-id=\"6c319f6\" data-element_type=\"column\">\n\t\t\t<div class=\"elementor-widget-wrap elementor-element-populated\">\n\t\t\t\t\t\t\t\t<div class=\"elementor-element elementor-element-f223ad5 elementor-widget elementor-widget-sidebar\" data-id=\"f223ad5\" data-element_type=\"widget\" data-widget_type=\"sidebar.default\">\n\t\t\t\t<div class=\"elementor-widget-container\">\n\t\t\t<div id=\"block-2\" class=\"widget widget_block widget_search\"><form role=\"search\" method=\"get\" action=\"https://blog.infoempresa.com\/es\/\" class=\"wp-block-search__button-outside wp-block-search__text-button wp-block-search\"    ><label class=\"wp-block-search__label\" for=\"wp-block-search__input-1\" >Buscar<\/label><div class=\"wp-block-search__inside-wrapper \" ><input class=\"wp-block-search__input\" id=\"wp-block-search__input-1\" placeholder=\"\" value=\"\" type=\"search\" name=\"s\" required \/><button aria-label=\"Buscar\" class=\"wp-block-search__button wp-element-button\" type=\"submit\" >Buscar<\/button><\/div><\/form><\/div><div id=\"block-3\" class=\"widget widget_block\"><div class=\"wp-block-group\"><div class=\"wp-block-group__inner-container is-layout-flow wp-block-group-is-layout-flow\"><h2 class=\"wp-block-heading\">Entradas recientes<\/h2><ul class=\"wp-block-latest-posts__list wp-block-latest-posts\"><li><a class=\"wp-block-latest-posts__post-title\" href=\"https://blog.infoempresa.com\/es\/cadena-de-suministro-local-tu-ventaja-competitiva\/\">Cadena de suministro local: tu ventaja competitiva<\/a><\/li>\n<li><a class=\"wp-block-latest-posts__post-title\" href=\"https://blog.infoempresa.com\/es\/sucesion-familiar-asegurando-el-futuro-de-tu-negocio\/\">Sucesi\u00f3n familiar: asegurando el futuro de tu negocio<\/a><\/li>\n<li><a class=\"wp-block-latest-posts__post-title\" href=\"https://blog.infoempresa.com\/es\/el-coste-de-oportunidad-el-precio-invisible-de-cada-decision-empresarial\/\">El coste de oportunidad: el precio invisible de cada decisi\u00f3n empresarial<\/a><\/li>\n<li><a class=\"wp-block-latest-posts__post-title\" href=\"https://blog.infoempresa.com\/es\/nichos-ignorados-como-identificarlos-y-convertirlos-en-una-oportunidad-de-negocio\/\">Nichos ignorados: c\u00f3mo identificarlos y convertirlos en una oportunidad de negocio<\/a><\/li>\n<li><a class=\"wp-block-latest-posts__post-title\" href=\"https://blog.infoempresa.com\/es\/espana-lider-verde-de-europa-oportunidades-y-desafios-de-la-produccion-ecologica\/\">Espa\u00f1a, l\u00edder verde de Europa: oportunidades y desaf\u00edos de la producci\u00f3n ecol\u00f3gica<\/a><\/li>\n<\/ul><\/div><\/div><\/div><div id=\"block-4\" class=\"widget widget_block\"><div class=\"wp-block-group\"><div class=\"wp-block-group__inner-container is-layout-flow wp-block-group-is-layout-flow\"><h2 class=\"wp-block-heading\">Comentarios recientes<\/h2><ol class=\"wp-block-latest-comments\"><li class=\"wp-block-latest-comments__comment\"><article><footer class=\"wp-block-latest-comments__comment-meta\"><a class=\"wp-block-latest-comments__comment-author\" href=\"https://blog.infoempresa.com\">blog_infoempr<\/a> en <a class=\"wp-block-latest-comments__comment-link\" href=\"https://blog.infoempresa.com\/es\/principales-fuentes-de-informacion-financiera-de-empresas-con-actividad-en-espana\/#comment-9\">Principales fuentes de informaci\u00f3n financiera de empresas con actividad en Espa\u00f1a\u00a0<\/a><\/footer><\/article><\/li><li class=\"wp-block-latest-comments__comment\"><article><footer class=\"wp-block-latest-comments__comment-meta\"><span class=\"wp-block-latest-comments__comment-author\">WIPLIER ANDRE 39 IMPASSE DE LA PETITE GORCE 17120 COZES FRANCE<\/span> en <a class=\"wp-block-latest-comments__comment-link\" href=\"https://blog.infoempresa.com\/es\/principales-fuentes-de-informacion-financiera-de-empresas-con-actividad-en-espana\/#comment-8\">Principales fuentes de informaci\u00f3n financiera de empresas con actividad en Espa\u00f1a\u00a0<\/a><\/footer><\/article><\/li><\/ol><\/div><\/div><\/div><div id=\"block-5\" class=\"widget widget_block\"><div class=\"wp-block-group\"><div class=\"wp-block-group__inner-container is-layout-flow wp-block-group-is-layout-flow\"><h2 class=\"wp-block-heading\">Archivos<\/h2><ul class=\"wp-block-archives-list wp-block-archives\">\t<li><a href='https://blog.infoempresa.com\/es\/2025\/06\/'>junio 2025<\/a><\/li>\n\t<li><a href='https://blog.infoempresa.com\/es\/2025\/05\/'>mayo 2025<\/a><\/li>\n\t<li><a href='https://blog.infoempresa.com\/es\/2025\/04\/'>abril 2025<\/a><\/li>\n\t<li><a href='https://blog.infoempresa.com\/es\/2025\/03\/'>marzo 2025<\/a><\/li>\n\t<li><a href='https://blog.infoempresa.com\/es\/2025\/02\/'>febrero 2025<\/a><\/li>\n\t<li><a href='https://blog.infoempresa.com\/es\/2025\/01\/'>enero 2025<\/a><\/li>\n\t<li><a href='https://blog.infoempresa.com\/es\/2024\/12\/'>diciembre 2024<\/a><\/li>\n\t<li><a href='https://blog.infoempresa.com\/es\/2024\/11\/'>noviembre 2024<\/a><\/li>\n\t<li><a href='https://blog.infoempresa.com\/es\/2024\/10\/'>octubre 2024<\/a><\/li>\n\t<li><a href='https://blog.infoempresa.com\/es\/2024\/09\/'>septiembre 2024<\/a><\/li>\n\t<li><a href='https://blog.infoempresa.com\/es\/2024\/08\/'>agosto 2024<\/a><\/li>\n\t<li><a href='https://blog.infoempresa.com\/es\/2024\/07\/'>julio 2024<\/a><\/li>\n\t<li><a href='https://blog.infoempresa.com\/es\/2024\/06\/'>junio 2024<\/a><\/li>\n\t<li><a href='https://blog.infoempresa.com\/es\/2024\/05\/'>mayo 2024<\/a><\/li>\n\t<li><a href='https://blog.infoempresa.com\/es\/2024\/04\/'>abril 2024<\/a><\/li>\n\t<li><a href='https://blog.infoempresa.com\/es\/2024\/03\/'>marzo 2024<\/a><\/li>\n\t<li><a href='https://blog.infoempresa.com\/es\/2024\/02\/'>febrero 2024<\/a><\/li>\n\t<li><a href='https://blog.infoempresa.com\/es\/2024\/01\/'>enero 2024<\/a><\/li>\n\t<li><a href='https://blog.infoempresa.com\/es\/2023\/12\/'>diciembre 2023<\/a><\/li>\n\t<li><a href='https://blog.infoempresa.com\/es\/2023\/11\/'>noviembre 2023<\/a><\/li>\n\t<li><a href='https://blog.infoempresa.com\/es\/2023\/10\/'>octubre 2023<\/a><\/li>\n\t<li><a href='https://blog.infoempresa.com\/es\/2023\/09\/'>septiembre 2023<\/a><\/li>\n\t<li><a href='https://blog.infoempresa.com\/es\/2023\/08\/'>agosto 2023<\/a><\/li>\n\t<li><a href='https://blog.infoempresa.com\/es\/2023\/07\/'>julio 2023<\/a><\/li>\n\t<li><a href='https://blog.infoempresa.com\/es\/2023\/06\/'>junio 2023<\/a><\/li>\n\t<li><a href='https://blog.infoempresa.com\/es\/2023\/05\/'>mayo 2023<\/a><\/li>\n\t<li><a href='https://blog.infoempresa.com\/es\/2023\/04\/'>abril 2023<\/a><\/li>\n<\/ul><\/div><\/div><\/div><div id=\"block-6\" class=\"widget widget_block\"><div class=\"wp-block-group\"><div class=\"wp-block-group__inner-container is-layout-flow wp-block-group-is-layout-flow\"><h2 class=\"wp-block-heading\">Categor\u00edas<\/h2><ul class=\"wp-block-categories-list wp-block-categories\">\t<li class=\"cat-item cat-item-2\"><a href=\"https://blog.infoempresa.com\/es\/category\/business\/\">Business<\/a>\n<\/li>\n\t<li class=\"cat-item cat-item-3\"><a href=\"https://blog.infoempresa.com\/es\/category\/consulting\/\">Consulting<\/a>\n<\/li>\n\t<li class=\"cat-item cat-item-4\"><a href=\"https://blog.infoempresa.com\/es\/category\/corporate\/\">Corporate<\/a>\n<\/li>\n\t<li class=\"cat-item cat-item-5\"><a href=\"https://blog.infoempresa.com\/es\/category\/finance\/\">Finance<\/a>\n<\/li>\n<\/ul><\/div><\/div><\/div>\t\t<\/div>\n\t\t\t\t<\/div>\n\t\t\t\t\t<\/div>\n\t\t<\/div>\n\t\t\t\t\t\t\t<\/div>\n\t\t<\/section>\n\t\t\t\t\t\t\t<\/div>\n\t\t","protected":false},"excerpt":{"rendered":"<p>End of content No more post to load Load More<\/p>\n","protected":false},"author":1,"featured_media":0,"parent":0,"menu_order":0,"comment_status":"closed","ping_status":"closed","template":"elementor_header_footer","meta":{"footnotes":""},"_links":{"self":[{"href":"https://blog.infoempresa.com\/es\/wp-json\/wp\/v2\/pages\/578"}],"collection":[{"href":"https://blog.infoempresa.com\/es\/wp-json\/wp\/v2\/pages"}],"about":[{"href":"https://blog.infoempresa.com\/es\/wp-json\/wp\/v2\/types\/page"}],"author":[{"embeddable":true,"href":"https://blog.infoempresa.com\/es\/wp-json\/wp\/v2\/users\/1"}],"replies":[{"embeddable":true,"href":"https://blog.infoempresa.com\/es\/wp-json\/wp\/v2\/comments?post=578"}],"version-history":[{"count":0,"href":"https://blog.infoempresa.com\/es\/wp-json\/wp\/v2\/pages\/578\/revisions"}],"wp:attachment":[{"href":"https://blog.infoempresa.com\/es\/wp-json\/wp\/v2\/media?parent=578"}],"curies":[{"name":"wp","href":"https:\/\/api.w.org\/{rel}","templated":true}]}}