{"id":888,"date":"2019-12-30T05:07:25","date_gmt":"2019-12-30T05:07:25","guid":{"rendered":"https:\/\/www.energeticthemes.com\/themes\/sarmaya\/?page_id=888"},"modified":"2023-04-24T08:06:14","modified_gmt":"2023-04-24T08:06:14","slug":"home-2","status":"publish","type":"page","link":"https://blog.infoempresa.com\/es\/","title":{"rendered":"Home"},"content":{"rendered":"\t\t<div data-elementor-type=\"wp-page\" data-elementor-id=\"888\" class=\"elementor elementor-888\">\n\t\t\t\t\t\t\t\t\t<section class=\"elementor-section elementor-top-section elementor-element elementor-element-5bd9f855 elementor-section-stretched elementor-section-boxed elementor-section-height-default elementor-section-height-default\" data-id=\"5bd9f855\" data-element_type=\"section\" data-settings=\"{&quot;stretch_section&quot;:&quot;section-stretched&quot;}\">\n\t\t\t\t\t\t<div class=\"elementor-container elementor-column-gap-default\">\n\t\t\t\t\t<div class=\"elementor-column elementor-col-100 elementor-top-column elementor-element elementor-element-25042323\" data-id=\"25042323\" data-element_type=\"column\">\n\t\t\t<div class=\"elementor-widget-wrap elementor-element-populated\">\n\t\t\t\t\t\t\t\t<div class=\"elementor-element elementor-element-1c071296 elementor-grid-3 elementor-grid-tablet-2 elementor-grid-mobile-1 elementor-posts--thumbnail-top elementor-posts__hover-gradient load-more-align-center elementor-widget elementor-widget-posts\" data-id=\"1c071296\" data-element_type=\"widget\" data-settings=\"{&quot;pagination_type&quot;:&quot;load_more_on_click&quot;,&quot;cards_columns&quot;:&quot;3&quot;,&quot;cards_columns_tablet&quot;:&quot;2&quot;,&quot;cards_columns_mobile&quot;:&quot;1&quot;,&quot;cards_row_gap&quot;:{&quot;unit&quot;:&quot;px&quot;,&quot;size&quot;:35,&quot;sizes&quot;:[]},&quot;cards_row_gap_tablet&quot;:{&quot;unit&quot;:&quot;px&quot;,&quot;size&quot;:&quot;&quot;,&quot;sizes&quot;:[]},&quot;cards_row_gap_mobile&quot;:{&quot;unit&quot;:&quot;px&quot;,&quot;size&quot;:&quot;&quot;,&quot;sizes&quot;:[]},&quot;load_more_spinner&quot;:{&quot;value&quot;:&quot;fas fa-spinner&quot;,&quot;library&quot;:&quot;fa-solid&quot;}}\" data-widget_type=\"posts.cards\">\n\t\t\t\t<div class=\"elementor-widget-container\">\n\t\t\t<link rel=\"stylesheet\" href=\"https://blog.infoempresa.com\/wp-content\/plugins\/elementor-pro\/assets\/css\/widget-posts.min.css\">\t\t<div class=\"elementor-posts-container elementor-posts elementor-posts--skin-cards elementor-grid\">\n\t\t\t\t<article class=\"elementor-post elementor-grid-item post-65124 post type-post status-publish format-standard has-post-thumbnail hentry category-sin-categorizar entry\">\n\t\t\t<div class=\"elementor-post__card\">\n\t\t\t\t<a class=\"elementor-post__thumbnail__link\" href=\"https://blog.infoempresa.com\/es\/cadena-de-suministro-local-tu-ventaja-competitiva\/\" ><div class=\"elementor-post__thumbnail\"><img loading=\"lazy\" decoding=\"async\" width=\"700\" height=\"430\" src=\"https://blog.infoempresa.com\/wp-content\/uploads\/2025\/06\/infoempresa-cadena-de-suministro.jpg\" class=\"attachment-large size-large wp-image-65132\" alt=\"\" srcset=\"https://blog.infoempresa.com\/wp-content\/uploads\/2025\/06\/infoempresa-cadena-de-suministro.jpg 941w, https://blog.infoempresa.com\/wp-content\/uploads\/2025\/06\/infoempresa-cadena-de-suministro-300x184.jpg 300w, https://blog.infoempresa.com\/wp-content\/uploads\/2025\/06\/infoempresa-cadena-de-suministro-768x472.jpg 768w\" sizes=\"(max-width: 700px) 100vw, 700px\" \/><\/div><\/a>\n\t\t\t\t<div class=\"elementor-post__badge\">Sin categorizar<\/div>\n\t\t\t\t<div class=\"elementor-post__text\">\n\t\t\t\t<h3 class=\"elementor-post__title\">\n\t\t\t<a href=\"https://blog.infoempresa.com\/es\/cadena-de-suministro-local-tu-ventaja-competitiva\/\" >\n\t\t\t\tCadena de suministro local: tu ventaja competitiva\t\t\t<\/a>\n\t\t<\/h3>\n\t\t\t\t<div class=\"elementor-post__excerpt\">\n\t\t\t<p>En un mundo cada vez m\u00e1s interconectado, la globalizaci\u00f3n ha ofrecido innumerables oportunidades para las empresas.<\/p>\n\t\t<\/div>\n\t\t\t\t<\/div>\n\t\t\t\t<div class=\"elementor-post__meta-data\">\n\t\t\t\t\t<span class=\"elementor-post-date\">\n\t\t\t16 de junio de 2025\t\t<\/span>\n\t\t\t\t<span class=\"elementor-post-avatar\">\n\t\t\tNo hay comentarios\t\t<\/span>\n\t\t\t\t<\/div>\n\t\t\t\t\t<\/div>\n\t\t<\/article>\n\t\t\t\t<article class=\"elementor-post elementor-grid-item post-64578 post type-post status-publish format-standard has-post-thumbnail hentry category-business category-corporate category-sin-categorizar entry\">\n\t\t\t<div class=\"elementor-post__card\">\n\t\t\t\t<a class=\"elementor-post__thumbnail__link\" href=\"https://blog.infoempresa.com\/es\/sucesion-familiar-asegurando-el-futuro-de-tu-negocio\/\" ><div class=\"elementor-post__thumbnail\"><img loading=\"lazy\" decoding=\"async\" width=\"700\" height=\"430\" src=\"https://blog.infoempresa.com\/wp-content\/uploads\/2025\/06\/infoempresa-sucesion.jpg\" class=\"attachment-large size-large wp-image-64585\" alt=\"\" srcset=\"https://blog.infoempresa.com\/wp-content\/uploads\/2025\/06\/infoempresa-sucesion.jpg 941w, https://blog.infoempresa.com\/wp-content\/uploads\/2025\/06\/infoempresa-sucesion-300x184.jpg 300w, https://blog.infoempresa.com\/wp-content\/uploads\/2025\/06\/infoempresa-sucesion-768x472.jpg 768w\" sizes=\"(max-width: 700px) 100vw, 700px\" \/><\/div><\/a>\n\t\t\t\t<div class=\"elementor-post__badge\">Business<\/div>\n\t\t\t\t<div class=\"elementor-post__text\">\n\t\t\t\t<h3 class=\"elementor-post__title\">\n\t\t\t<a href=\"https://blog.infoempresa.com\/es\/sucesion-familiar-asegurando-el-futuro-de-tu-negocio\/\" >\n\t\t\t\tSucesi\u00f3n familiar: asegurando el futuro de tu negocio\t\t\t<\/a>\n\t\t<\/h3>\n\t\t\t\t<div class=\"elementor-post__excerpt\">\n\t\t\t<p>Las empresas familiares son el alma de muchas econom\u00edas, un pilar esencial en la creaci\u00f3n de<\/p>\n\t\t<\/div>\n\t\t\t\t<\/div>\n\t\t\t\t<div class=\"elementor-post__meta-data\">\n\t\t\t\t\t<span class=\"elementor-post-date\">\n\t\t\t9 de junio de 2025\t\t<\/span>\n\t\t\t\t<span class=\"elementor-post-avatar\">\n\t\t\tNo hay comentarios\t\t<\/span>\n\t\t\t\t<\/div>\n\t\t\t\t\t<\/div>\n\t\t<\/article>\n\t\t\t\t<article class=\"elementor-post elementor-grid-item post-64033 post type-post status-publish format-standard has-post-thumbnail hentry category-business category-finance category-sin-categorizar entry\">\n\t\t\t<div class=\"elementor-post__card\">\n\t\t\t\t<a class=\"elementor-post__thumbnail__link\" href=\"https://blog.infoempresa.com\/es\/el-coste-de-oportunidad-el-precio-invisible-de-cada-decision-empresarial\/\" ><div class=\"elementor-post__thumbnail\"><img loading=\"lazy\" decoding=\"async\" width=\"700\" height=\"467\" src=\"https://blog.infoempresa.com\/wp-content\/uploads\/2025\/06\/pexels-jeshoots-com-147458-1040157-1024x683.jpg\" class=\"attachment-large size-large wp-image-64038\" alt=\"\" srcset=\"https://blog.infoempresa.com\/wp-content\/uploads\/2025\/06\/pexels-jeshoots-com-147458-1040157-1024x683.jpg 1024w, https://blog.infoempresa.com\/wp-content\/uploads\/2025\/06\/pexels-jeshoots-com-147458-1040157-300x200.jpg 300w, https://blog.infoempresa.com\/wp-content\/uploads\/2025\/06\/pexels-jeshoots-com-147458-1040157-768x512.jpg 768w, https://blog.infoempresa.com\/wp-content\/uploads\/2025\/06\/pexels-jeshoots-com-147458-1040157-1536x1024.jpg 1536w, https://blog.infoempresa.com\/wp-content\/uploads\/2025\/06\/pexels-jeshoots-com-147458-1040157-2048x1365.jpg 2048w, https://blog.infoempresa.com\/wp-content\/uploads\/2025\/06\/pexels-jeshoots-com-147458-1040157-1200x800.jpg 1200w, https://blog.infoempresa.com\/wp-content\/uploads\/2025\/06\/pexels-jeshoots-com-147458-1040157-600x400.jpg 600w, https://blog.infoempresa.com\/wp-content\/uploads\/2025\/06\/pexels-jeshoots-com-147458-1040157-1736x1157.jpg 1736w\" sizes=\"(max-width: 700px) 100vw, 700px\" \/><\/div><\/a>\n\t\t\t\t<div class=\"elementor-post__badge\">Business<\/div>\n\t\t\t\t<div class=\"elementor-post__text\">\n\t\t\t\t<h3 class=\"elementor-post__title\">\n\t\t\t<a href=\"https://blog.infoempresa.com\/es\/el-coste-de-oportunidad-el-precio-invisible-de-cada-decision-empresarial\/\" >\n\t\t\t\tEl coste de oportunidad: el precio invisible de cada decisi\u00f3n empresarial\t\t\t<\/a>\n\t\t<\/h3>\n\t\t\t\t<div class=\"elementor-post__excerpt\">\n\t\t\t<p>En el din\u00e1mico mundo empresarial, cada d\u00eda nos enfrentamos a una cascada de decisiones: \u00bfInvertimos en<\/p>\n\t\t<\/div>\n\t\t\t\t<\/div>\n\t\t\t\t<div class=\"elementor-post__meta-data\">\n\t\t\t\t\t<span class=\"elementor-post-date\">\n\t\t\t2 de junio de 2025\t\t<\/span>\n\t\t\t\t<span class=\"elementor-post-avatar\">\n\t\t\tNo hay comentarios\t\t<\/span>\n\t\t\t\t<\/div>\n\t\t\t\t\t<\/div>\n\t\t<\/article>\n\t\t\t\t<article class=\"elementor-post elementor-grid-item post-63488 post type-post status-publish format-standard has-post-thumbnail hentry category-business category-sin-categorizar entry\">\n\t\t\t<div class=\"elementor-post__card\">\n\t\t\t\t<a class=\"elementor-post__thumbnail__link\" href=\"https://blog.infoempresa.com\/es\/nichos-ignorados-como-identificarlos-y-convertirlos-en-una-oportunidad-de-negocio\/\" ><div class=\"elementor-post__thumbnail\"><img loading=\"lazy\" decoding=\"async\" width=\"700\" height=\"509\" src=\"https://blog.infoempresa.com\/wp-content\/uploads\/2025\/05\/pexels-chaleco-de-mono-531361061-16471917-1024x745.jpg\" class=\"attachment-large size-large wp-image-63493\" alt=\"\" srcset=\"https://blog.infoempresa.com\/wp-content\/uploads\/2025\/05\/pexels-chaleco-de-mono-531361061-16471917-1024x745.jpg 1024w, https://blog.infoempresa.com\/wp-content\/uploads\/2025\/05\/pexels-chaleco-de-mono-531361061-16471917-300x218.jpg 300w, https://blog.infoempresa.com\/wp-content\/uploads\/2025\/05\/pexels-chaleco-de-mono-531361061-16471917-768x559.jpg 768w, https://blog.infoempresa.com\/wp-content\/uploads\/2025\/05\/pexels-chaleco-de-mono-531361061-16471917-1536x1117.jpg 1536w, https://blog.infoempresa.com\/wp-content\/uploads\/2025\/05\/pexels-chaleco-de-mono-531361061-16471917-2048x1489.jpg 2048w, https://blog.infoempresa.com\/wp-content\/uploads\/2025\/05\/pexels-chaleco-de-mono-531361061-16471917-1736x1263.jpg 1736w\" sizes=\"(max-width: 700px) 100vw, 700px\" \/><\/div><\/a>\n\t\t\t\t<div class=\"elementor-post__badge\">Business<\/div>\n\t\t\t\t<div class=\"elementor-post__text\">\n\t\t\t\t<h3 class=\"elementor-post__title\">\n\t\t\t<a href=\"https://blog.infoempresa.com\/es\/nichos-ignorados-como-identificarlos-y-convertirlos-en-una-oportunidad-de-negocio\/\" >\n\t\t\t\tNichos ignorados: c\u00f3mo identificarlos y convertirlos en una oportunidad de negocio\t\t\t<\/a>\n\t\t<\/h3>\n\t\t\t\t<div class=\"elementor-post__excerpt\">\n\t\t\t<p>En un entorno empresarial cada vez m\u00e1s competitivo, encontrar nichos de mercado con potencial puede marcar<\/p>\n\t\t<\/div>\n\t\t\t\t<\/div>\n\t\t\t\t<div class=\"elementor-post__meta-data\">\n\t\t\t\t\t<span class=\"elementor-post-date\">\n\t\t\t26 de mayo de 2025\t\t<\/span>\n\t\t\t\t<span class=\"elementor-post-avatar\">\n\t\t\tNo hay comentarios\t\t<\/span>\n\t\t\t\t<\/div>\n\t\t\t\t\t<\/div>\n\t\t<\/article>\n\t\t\t\t<article class=\"elementor-post elementor-grid-item post-62944 post type-post status-publish format-standard has-post-thumbnail hentry category-business category-corporate category-sin-categorizar entry\">\n\t\t\t<div class=\"elementor-post__card\">\n\t\t\t\t<a class=\"elementor-post__thumbnail__link\" href=\"https://blog.infoempresa.com\/es\/espana-lider-verde-de-europa-oportunidades-y-desafios-de-la-produccion-ecologica\/\" ><div class=\"elementor-post__thumbnail\"><img loading=\"lazy\" decoding=\"async\" width=\"700\" height=\"467\" src=\"https://blog.infoempresa.com\/wp-content\/uploads\/2025\/05\/pexels-enginakyurt-2084239-1024x683.jpg\" class=\"attachment-large size-large wp-image-62949\" alt=\"\" srcset=\"https://blog.infoempresa.com\/wp-content\/uploads\/2025\/05\/pexels-enginakyurt-2084239-1024x683.jpg 1024w, https://blog.infoempresa.com\/wp-content\/uploads\/2025\/05\/pexels-enginakyurt-2084239-300x200.jpg 300w, https://blog.infoempresa.com\/wp-content\/uploads\/2025\/05\/pexels-enginakyurt-2084239-768x512.jpg 768w, https://blog.infoempresa.com\/wp-content\/uploads\/2025\/05\/pexels-enginakyurt-2084239-1536x1024.jpg 1536w, https://blog.infoempresa.com\/wp-content\/uploads\/2025\/05\/pexels-enginakyurt-2084239-2048x1366.jpg 2048w, https://blog.infoempresa.com\/wp-content\/uploads\/2025\/05\/pexels-enginakyurt-2084239-1200x800.jpg 1200w, https://blog.infoempresa.com\/wp-content\/uploads\/2025\/05\/pexels-enginakyurt-2084239-600x400.jpg 600w, https://blog.infoempresa.com\/wp-content\/uploads\/2025\/05\/pexels-enginakyurt-2084239-1736x1158.jpg 1736w\" sizes=\"(max-width: 700px) 100vw, 700px\" \/><\/div><\/a>\n\t\t\t\t<div class=\"elementor-post__badge\">Business<\/div>\n\t\t\t\t<div class=\"elementor-post__text\">\n\t\t\t\t<h3 class=\"elementor-post__title\">\n\t\t\t<a href=\"https://blog.infoempresa.com\/es\/espana-lider-verde-de-europa-oportunidades-y-desafios-de-la-produccion-ecologica\/\" >\n\t\t\t\tEspa\u00f1a, l\u00edder verde de Europa: oportunidades y desaf\u00edos de la producci\u00f3n ecol\u00f3gica\t\t\t<\/a>\n\t\t<\/h3>\n\t\t\t\t<div class=\"elementor-post__excerpt\">\n\t\t\t<p>Espa\u00f1a ha alcanzado un hito significativo en el panorama agr\u00edcola europeo: se ha convertido en el<\/p>\n\t\t<\/div>\n\t\t\t\t<\/div>\n\t\t\t\t<div class=\"elementor-post__meta-data\">\n\t\t\t\t\t<span class=\"elementor-post-date\">\n\t\t\t19 de mayo de 2025\t\t<\/span>\n\t\t\t\t<span class=\"elementor-post-avatar\">\n\t\t\tNo hay comentarios\t\t<\/span>\n\t\t\t\t<\/div>\n\t\t\t\t\t<\/div>\n\t\t<\/article>\n\t\t\t\t<article class=\"elementor-post elementor-grid-item post-62399 post type-post status-publish format-standard has-post-thumbnail hentry category-business category-sin-categorizar entry\">\n\t\t\t<div class=\"elementor-post__card\">\n\t\t\t\t<a class=\"elementor-post__thumbnail__link\" href=\"https://blog.infoempresa.com\/es\/avances-y-aplicaciones-empresariales-de-la-ia-en-el-sector-medico\/\" ><div class=\"elementor-post__thumbnail\"><img loading=\"lazy\" decoding=\"async\" width=\"700\" height=\"467\" src=\"https://blog.infoempresa.com\/wp-content\/uploads\/2025\/05\/pexels-tara-winstead-8386360-1024x683.jpg\" class=\"attachment-large size-large wp-image-62400\" alt=\"\" srcset=\"https://blog.infoempresa.com\/wp-content\/uploads\/2025\/05\/pexels-tara-winstead-8386360-1024x683.jpg 1024w, https://blog.infoempresa.com\/wp-content\/uploads\/2025\/05\/pexels-tara-winstead-8386360-300x200.jpg 300w, https://blog.infoempresa.com\/wp-content\/uploads\/2025\/05\/pexels-tara-winstead-8386360-768x512.jpg 768w, https://blog.infoempresa.com\/wp-content\/uploads\/2025\/05\/pexels-tara-winstead-8386360-1536x1024.jpg 1536w, https://blog.infoempresa.com\/wp-content\/uploads\/2025\/05\/pexels-tara-winstead-8386360-2048x1365.jpg 2048w, https://blog.infoempresa.com\/wp-content\/uploads\/2025\/05\/pexels-tara-winstead-8386360-1200x800.jpg 1200w, https://blog.infoempresa.com\/wp-content\/uploads\/2025\/05\/pexels-tara-winstead-8386360-600x400.jpg 600w, https://blog.infoempresa.com\/wp-content\/uploads\/2025\/05\/pexels-tara-winstead-8386360-1736x1157.jpg 1736w\" sizes=\"(max-width: 700px) 100vw, 700px\" \/><\/div><\/a>\n\t\t\t\t<div class=\"elementor-post__badge\">Business<\/div>\n\t\t\t\t<div class=\"elementor-post__text\">\n\t\t\t\t<h3 class=\"elementor-post__title\">\n\t\t\t<a href=\"https://blog.infoempresa.com\/es\/avances-y-aplicaciones-empresariales-de-la-ia-en-el-sector-medico\/\" >\n\t\t\t\tAvances y aplicaciones empresariales de la IA en el sector m\u00e9dico\t\t\t<\/a>\n\t\t<\/h3>\n\t\t\t\t<div class=\"elementor-post__excerpt\">\n\t\t\t<p>Desde el diagn\u00f3stico temprano hasta la gesti\u00f3n hospitalaria, las aplicaciones basadas en inteligencia artificial est\u00e1n revolucionando<\/p>\n\t\t<\/div>\n\t\t\t\t<\/div>\n\t\t\t\t<div class=\"elementor-post__meta-data\">\n\t\t\t\t\t<span class=\"elementor-post-date\">\n\t\t\t12 de mayo de 2025\t\t<\/span>\n\t\t\t\t<span class=\"elementor-post-avatar\">\n\t\t\tNo hay comentarios\t\t<\/span>\n\t\t\t\t<\/div>\n\t\t\t\t\t<\/div>\n\t\t<\/article>\n\t\t\t\t<\/div>\n\t\t\t\t\t<span class=\"e-load-more-spinner\">\n\t\t\t\t<i aria-hidden=\"true\" class=\"fas fa-spinner\"><\/i>\t\t\t<\/span>\n\t\t\n\t\t\t\t<div class=\"e-load-more-anchor\" data-page=\"1\" data-max-page=\"18\" data-next-page=\"https://blog.infoempresa.com\/es\/wp-json\/wp\/v2\/pages\/888\/page\/2\/\"><\/div>\n\t\t\t\t<div class=\"elementor-button-wrapper\">\n\t\t\t<a href=\"#\" class=\"elementor-button-link elementor-button\" role=\"button\">\n\t\t\t\t\t\t<span class=\"elementor-button-content-wrapper\">\n\t\t\t\t\t\t<span class=\"elementor-button-text\">Cargar M\u00e1s<\/span>\n\t\t<\/span>\n\t\t\t\t\t<\/a>\n\t\t<\/div>\n\t\t\t\t<div class=\"e-load-more-message\"><\/div>\n\t\t\t\t<\/div>\n\t\t\t\t<\/div>\n\t\t\t\t\t<\/div>\n\t\t<\/div>\n\t\t\t\t\t\t\t<\/div>\n\t\t<\/section>\n\t\t\t\t\t\t\t<\/div>\n\t\t","protected":false},"excerpt":{"rendered":"","protected":false},"author":1,"featured_media":0,"parent":0,"menu_order":0,"comment_status":"closed","ping_status":"closed","template":"","meta":{"footnotes":""},"_links":{"self":[{"href":"https://blog.infoempresa.com\/es\/wp-json\/wp\/v2\/pages\/888"}],"collection":[{"href":"https://blog.infoempresa.com\/es\/wp-json\/wp\/v2\/pages"}],"about":[{"href":"https://blog.infoempresa.com\/es\/wp-json\/wp\/v2\/types\/page"}],"author":[{"embeddable":true,"href":"https://blog.infoempresa.com\/es\/wp-json\/wp\/v2\/users\/1"}],"replies":[{"embeddable":true,"href":"https://blog.infoempresa.com\/es\/wp-json\/wp\/v2\/comments?post=888"}],"version-history":[{"count":15,"href":"https://blog.infoempresa.com\/es\/wp-json\/wp\/v2\/pages\/888\/revisions"}],"predecessor-version":[{"id":2042,"href":"https://blog.infoempresa.com\/es\/wp-json\/wp\/v2\/pages\/888\/revisions\/2042"}],"wp:attachment":[{"href":"https://blog.infoempresa.com\/es\/wp-json\/wp\/v2\/media?parent=888"}],"curies":[{"name":"wp","href":"https:\/\/api.w.org\/{rel}","templated":true}]}}