{"id":3004,"date":"2019-12-30T05:07:25","date_gmt":"2019-12-30T05:07:25","guid":{"rendered":"https://blog.infoempresa.com\/accueil\/"},"modified":"2023-11-07T12:18:41","modified_gmt":"2023-11-07T12:18:41","slug":"accueil","status":"publish","type":"page","link":"https://blog.infoempresa.com\/fr\/","title":{"rendered":"Accueil"},"content":{"rendered":"\t\t<div data-elementor-type=\"wp-page\" data-elementor-id=\"3004\" class=\"elementor elementor-3004\">\n\t\t\t\t\t\t\t\t\t<section class=\"elementor-section elementor-top-section elementor-element elementor-element-5bd9f855 elementor-section-stretched elementor-section-boxed elementor-section-height-default elementor-section-height-default\" data-id=\"5bd9f855\" data-element_type=\"section\" data-settings=\"{&quot;stretch_section&quot;:&quot;section-stretched&quot;}\">\n\t\t\t\t\t\t<div class=\"elementor-container elementor-column-gap-default\">\n\t\t\t\t\t<div class=\"elementor-column elementor-col-100 elementor-top-column elementor-element elementor-element-25042323\" data-id=\"25042323\" data-element_type=\"column\">\n\t\t\t<div class=\"elementor-widget-wrap elementor-element-populated\">\n\t\t\t\t\t\t\t\t<div class=\"elementor-element elementor-element-1c071296 elementor-grid-3 elementor-grid-tablet-2 elementor-grid-mobile-1 elementor-posts--thumbnail-top elementor-posts__hover-gradient load-more-align-center elementor-widget elementor-widget-posts\" data-id=\"1c071296\" data-element_type=\"widget\" data-settings=\"{&quot;pagination_type&quot;:&quot;load_more_on_click&quot;,&quot;cards_columns&quot;:&quot;3&quot;,&quot;cards_columns_tablet&quot;:&quot;2&quot;,&quot;cards_columns_mobile&quot;:&quot;1&quot;,&quot;cards_row_gap&quot;:{&quot;unit&quot;:&quot;px&quot;,&quot;size&quot;:35,&quot;sizes&quot;:[]},&quot;cards_row_gap_tablet&quot;:{&quot;unit&quot;:&quot;px&quot;,&quot;size&quot;:&quot;&quot;,&quot;sizes&quot;:[]},&quot;cards_row_gap_mobile&quot;:{&quot;unit&quot;:&quot;px&quot;,&quot;size&quot;:&quot;&quot;,&quot;sizes&quot;:[]},&quot;load_more_spinner&quot;:{&quot;value&quot;:&quot;fas fa-spinner&quot;,&quot;library&quot;:&quot;fa-solid&quot;}}\" data-widget_type=\"posts.cards\">\n\t\t\t\t<div class=\"elementor-widget-container\">\n\t\t\t<link rel=\"stylesheet\" href=\"https://blog.infoempresa.com\/wp-content\/plugins\/elementor-pro\/assets\/css\/widget-posts.min.css\">\t\t<div class=\"elementor-posts-container elementor-posts elementor-posts--skin-cards elementor-grid\">\n\t\t\t\t<article class=\"elementor-post elementor-grid-item post-65120 post type-post status-publish format-standard has-post-thumbnail hentry category-business category-corporate category-sin-categorizar entry\">\n\t\t\t<div class=\"elementor-post__card\">\n\t\t\t\t<a class=\"elementor-post__thumbnail__link\" href=\"https://blog.infoempresa.com\/fr\/sucesin-familiar-asegurando-el-futuro-de-tu-negocio\/\" ><div class=\"elementor-post__thumbnail\"><img loading=\"lazy\" decoding=\"async\" width=\"700\" height=\"430\" src=\"https://blog.infoempresa.com\/wp-content\/uploads\/2025\/06\/infoempresa-sucesion.jpg\" class=\"attachment-large size-large wp-image-64585\" alt=\"\" srcset=\"https://blog.infoempresa.com\/wp-content\/uploads\/2025\/06\/infoempresa-sucesion.jpg 941w, https://blog.infoempresa.com\/wp-content\/uploads\/2025\/06\/infoempresa-sucesion-300x184.jpg 300w, https://blog.infoempresa.com\/wp-content\/uploads\/2025\/06\/infoempresa-sucesion-768x472.jpg 768w\" sizes=\"(max-width: 700px) 100vw, 700px\" \/><\/div><\/a>\n\t\t\t\t<div class=\"elementor-post__badge\">Business<\/div>\n\t\t\t\t<div class=\"elementor-post__text\">\n\t\t\t\t<h3 class=\"elementor-post__title\">\n\t\t\t<a href=\"https://blog.infoempresa.com\/fr\/sucesin-familiar-asegurando-el-futuro-de-tu-negocio\/\" >\n\t\t\t\tSuccession familiale\u00a0: assurer l&rsquo;avenir de votre entreprise\t\t\t<\/a>\n\t\t<\/h3>\n\t\t\t\t<div class=\"elementor-post__excerpt\">\n\t\t\t<p>Les entreprises familiales sont la pierre angulaire de nombreuses \u00e9conomies et constituent un pilier essentiel de<\/p>\n\t\t<\/div>\n\t\t\t\t<\/div>\n\t\t\t\t<div class=\"elementor-post__meta-data\">\n\t\t\t\t\t<span class=\"elementor-post-date\">\n\t\t\t10 de juin de 2025\t\t<\/span>\n\t\t\t\t<span class=\"elementor-post-avatar\">\n\t\t\tAucun commentaire\t\t<\/span>\n\t\t\t\t<\/div>\n\t\t\t\t\t<\/div>\n\t\t<\/article>\n\t\t\t\t<article class=\"elementor-post elementor-grid-item post-64573 post type-post status-publish format-standard has-post-thumbnail hentry category-business category-finance category-sin-categorizar entry\">\n\t\t\t<div class=\"elementor-post__card\">\n\t\t\t\t<a class=\"elementor-post__thumbnail__link\" href=\"https://blog.infoempresa.com\/fr\/el-coste-de-oportunidad-el-precio-invisible-de-cada-decisin-empresarial\/\" ><div class=\"elementor-post__thumbnail\"><img loading=\"lazy\" decoding=\"async\" width=\"700\" height=\"467\" src=\"https://blog.infoempresa.com\/wp-content\/uploads\/2025\/06\/pexels-jeshoots-com-147458-1040157-1024x683.jpg\" class=\"attachment-large size-large wp-image-64038\" alt=\"\" srcset=\"https://blog.infoempresa.com\/wp-content\/uploads\/2025\/06\/pexels-jeshoots-com-147458-1040157-1024x683.jpg 1024w, https://blog.infoempresa.com\/wp-content\/uploads\/2025\/06\/pexels-jeshoots-com-147458-1040157-300x200.jpg 300w, https://blog.infoempresa.com\/wp-content\/uploads\/2025\/06\/pexels-jeshoots-com-147458-1040157-768x512.jpg 768w, https://blog.infoempresa.com\/wp-content\/uploads\/2025\/06\/pexels-jeshoots-com-147458-1040157-1536x1024.jpg 1536w, https://blog.infoempresa.com\/wp-content\/uploads\/2025\/06\/pexels-jeshoots-com-147458-1040157-2048x1365.jpg 2048w, https://blog.infoempresa.com\/wp-content\/uploads\/2025\/06\/pexels-jeshoots-com-147458-1040157-1200x800.jpg 1200w, https://blog.infoempresa.com\/wp-content\/uploads\/2025\/06\/pexels-jeshoots-com-147458-1040157-600x400.jpg 600w, https://blog.infoempresa.com\/wp-content\/uploads\/2025\/06\/pexels-jeshoots-com-147458-1040157-1736x1157.jpg 1736w\" sizes=\"(max-width: 700px) 100vw, 700px\" \/><\/div><\/a>\n\t\t\t\t<div class=\"elementor-post__badge\">Business<\/div>\n\t\t\t\t<div class=\"elementor-post__text\">\n\t\t\t\t<h3 class=\"elementor-post__title\">\n\t\t\t<a href=\"https://blog.infoempresa.com\/fr\/el-coste-de-oportunidad-el-precio-invisible-de-cada-decisin-empresarial\/\" >\n\t\t\t\tLe co\u00fbt d&rsquo;opportunit\u00e9\u00a0: le prix invisible de chaque d\u00e9cision commerciale\t\t\t<\/a>\n\t\t<\/h3>\n\t\t\t\t<div class=\"elementor-post__excerpt\">\n\t\t\t<p>Dans un monde des affaires dynamique, nous sommes confront\u00e9s chaque jour \u00e0 une cascade de d\u00e9cisions\u00a0:<\/p>\n\t\t<\/div>\n\t\t\t\t<\/div>\n\t\t\t\t<div class=\"elementor-post__meta-data\">\n\t\t\t\t\t<span class=\"elementor-post-date\">\n\t\t\t3 de juin de 2025\t\t<\/span>\n\t\t\t\t<span class=\"elementor-post-avatar\">\n\t\t\tAucun commentaire\t\t<\/span>\n\t\t\t\t<\/div>\n\t\t\t\t\t<\/div>\n\t\t<\/article>\n\t\t\t\t<article class=\"elementor-post elementor-grid-item post-64029 post type-post status-publish format-standard has-post-thumbnail hentry category-business category-sin-categorizar entry\">\n\t\t\t<div class=\"elementor-post__card\">\n\t\t\t\t<a class=\"elementor-post__thumbnail__link\" href=\"https://blog.infoempresa.com\/fr\/nichos-ignorados-cmo-identificarlos-y-convertirlos-en-una-oportunidad-de-negocio\/\" ><div class=\"elementor-post__thumbnail\"><img loading=\"lazy\" decoding=\"async\" width=\"700\" height=\"509\" src=\"https://blog.infoempresa.com\/wp-content\/uploads\/2025\/05\/pexels-chaleco-de-mono-531361061-16471917-1024x745.jpg\" class=\"attachment-large size-large wp-image-63493\" alt=\"\" srcset=\"https://blog.infoempresa.com\/wp-content\/uploads\/2025\/05\/pexels-chaleco-de-mono-531361061-16471917-1024x745.jpg 1024w, https://blog.infoempresa.com\/wp-content\/uploads\/2025\/05\/pexels-chaleco-de-mono-531361061-16471917-300x218.jpg 300w, https://blog.infoempresa.com\/wp-content\/uploads\/2025\/05\/pexels-chaleco-de-mono-531361061-16471917-768x559.jpg 768w, https://blog.infoempresa.com\/wp-content\/uploads\/2025\/05\/pexels-chaleco-de-mono-531361061-16471917-1536x1117.jpg 1536w, https://blog.infoempresa.com\/wp-content\/uploads\/2025\/05\/pexels-chaleco-de-mono-531361061-16471917-2048x1489.jpg 2048w, https://blog.infoempresa.com\/wp-content\/uploads\/2025\/05\/pexels-chaleco-de-mono-531361061-16471917-1736x1263.jpg 1736w\" sizes=\"(max-width: 700px) 100vw, 700px\" \/><\/div><\/a>\n\t\t\t\t<div class=\"elementor-post__badge\">Business<\/div>\n\t\t\t\t<div class=\"elementor-post__text\">\n\t\t\t\t<h3 class=\"elementor-post__title\">\n\t\t\t<a href=\"https://blog.infoempresa.com\/fr\/nichos-ignorados-cmo-identificarlos-y-convertirlos-en-una-oportunidad-de-negocio\/\" >\n\t\t\t\tNiches ignor\u00e9es\u00a0: comment les identifier et en faire une opportunit\u00e9 commerciale\t\t\t<\/a>\n\t\t<\/h3>\n\t\t\t\t<div class=\"elementor-post__excerpt\">\n\t\t\t<p>Dans un environnement commercial de plus en plus concurrentiel, la d\u00e9couverte de march\u00e9s de niche pr\u00e9sentant<\/p>\n\t\t<\/div>\n\t\t\t\t<\/div>\n\t\t\t\t<div class=\"elementor-post__meta-data\">\n\t\t\t\t\t<span class=\"elementor-post-date\">\n\t\t\t28 de mai de 2025\t\t<\/span>\n\t\t\t\t<span class=\"elementor-post-avatar\">\n\t\t\tAucun commentaire\t\t<\/span>\n\t\t\t\t<\/div>\n\t\t\t\t\t<\/div>\n\t\t<\/article>\n\t\t\t\t<article class=\"elementor-post elementor-grid-item post-63484 post type-post status-publish format-standard has-post-thumbnail hentry category-business category-corporate category-sin-categorizar entry\">\n\t\t\t<div class=\"elementor-post__card\">\n\t\t\t\t<a class=\"elementor-post__thumbnail__link\" href=\"https://blog.infoempresa.com\/fr\/espaa-lder-verde-de-europa-oportunidades-y-desafos-de-la-produccin-ecolgica\/\" ><div class=\"elementor-post__thumbnail\"><img loading=\"lazy\" decoding=\"async\" width=\"700\" height=\"467\" src=\"https://blog.infoempresa.com\/wp-content\/uploads\/2025\/05\/pexels-enginakyurt-2084239-1024x683.jpg\" class=\"attachment-large size-large wp-image-62949\" alt=\"\" srcset=\"https://blog.infoempresa.com\/wp-content\/uploads\/2025\/05\/pexels-enginakyurt-2084239-1024x683.jpg 1024w, https://blog.infoempresa.com\/wp-content\/uploads\/2025\/05\/pexels-enginakyurt-2084239-300x200.jpg 300w, https://blog.infoempresa.com\/wp-content\/uploads\/2025\/05\/pexels-enginakyurt-2084239-768x512.jpg 768w, https://blog.infoempresa.com\/wp-content\/uploads\/2025\/05\/pexels-enginakyurt-2084239-1536x1024.jpg 1536w, https://blog.infoempresa.com\/wp-content\/uploads\/2025\/05\/pexels-enginakyurt-2084239-2048x1366.jpg 2048w, https://blog.infoempresa.com\/wp-content\/uploads\/2025\/05\/pexels-enginakyurt-2084239-1200x800.jpg 1200w, https://blog.infoempresa.com\/wp-content\/uploads\/2025\/05\/pexels-enginakyurt-2084239-600x400.jpg 600w, https://blog.infoempresa.com\/wp-content\/uploads\/2025\/05\/pexels-enginakyurt-2084239-1736x1158.jpg 1736w\" sizes=\"(max-width: 700px) 100vw, 700px\" \/><\/div><\/a>\n\t\t\t\t<div class=\"elementor-post__badge\">Business<\/div>\n\t\t\t\t<div class=\"elementor-post__text\">\n\t\t\t\t<h3 class=\"elementor-post__title\">\n\t\t\t<a href=\"https://blog.infoempresa.com\/fr\/espaa-lder-verde-de-europa-oportunidades-y-desafos-de-la-produccin-ecolgica\/\" >\n\t\t\t\tL&rsquo;Espagne, leader \u00e9cologique en Europe\u00a0: opportunit\u00e9s et d\u00e9fis de la production biologique\t\t\t<\/a>\n\t\t<\/h3>\n\t\t\t\t<div class=\"elementor-post__excerpt\">\n\t\t\t<p>L&rsquo;Espagne a franchi une \u00e9tape importante sur la sc\u00e8ne agricole europ\u00e9enne\u00a0: elle est devenue le pays<\/p>\n\t\t<\/div>\n\t\t\t\t<\/div>\n\t\t\t\t<div class=\"elementor-post__meta-data\">\n\t\t\t\t\t<span class=\"elementor-post-date\">\n\t\t\t20 de mai de 2025\t\t<\/span>\n\t\t\t\t<span class=\"elementor-post-avatar\">\n\t\t\tAucun commentaire\t\t<\/span>\n\t\t\t\t<\/div>\n\t\t\t\t\t<\/div>\n\t\t<\/article>\n\t\t\t\t<article class=\"elementor-post elementor-grid-item post-62939 post type-post status-publish format-standard has-post-thumbnail hentry category-business category-sin-categorizar entry\">\n\t\t\t<div class=\"elementor-post__card\">\n\t\t\t\t<a class=\"elementor-post__thumbnail__link\" href=\"https://blog.infoempresa.com\/fr\/avances-y-aplicaciones-empresariales-de-la-ia-en-el-sector-mdico\/\" ><div class=\"elementor-post__thumbnail\"><img loading=\"lazy\" decoding=\"async\" width=\"700\" height=\"467\" src=\"https://blog.infoempresa.com\/wp-content\/uploads\/2025\/05\/pexels-tara-winstead-8386360-1024x683.jpg\" class=\"attachment-large size-large wp-image-62400\" alt=\"\" srcset=\"https://blog.infoempresa.com\/wp-content\/uploads\/2025\/05\/pexels-tara-winstead-8386360-1024x683.jpg 1024w, https://blog.infoempresa.com\/wp-content\/uploads\/2025\/05\/pexels-tara-winstead-8386360-300x200.jpg 300w, https://blog.infoempresa.com\/wp-content\/uploads\/2025\/05\/pexels-tara-winstead-8386360-768x512.jpg 768w, https://blog.infoempresa.com\/wp-content\/uploads\/2025\/05\/pexels-tara-winstead-8386360-1536x1024.jpg 1536w, https://blog.infoempresa.com\/wp-content\/uploads\/2025\/05\/pexels-tara-winstead-8386360-2048x1365.jpg 2048w, https://blog.infoempresa.com\/wp-content\/uploads\/2025\/05\/pexels-tara-winstead-8386360-1200x800.jpg 1200w, https://blog.infoempresa.com\/wp-content\/uploads\/2025\/05\/pexels-tara-winstead-8386360-600x400.jpg 600w, https://blog.infoempresa.com\/wp-content\/uploads\/2025\/05\/pexels-tara-winstead-8386360-1736x1157.jpg 1736w\" sizes=\"(max-width: 700px) 100vw, 700px\" \/><\/div><\/a>\n\t\t\t\t<div class=\"elementor-post__badge\">Business<\/div>\n\t\t\t\t<div class=\"elementor-post__text\">\n\t\t\t\t<h3 class=\"elementor-post__title\">\n\t\t\t<a href=\"https://blog.infoempresa.com\/fr\/avances-y-aplicaciones-empresariales-de-la-ia-en-el-sector-mdico\/\" >\n\t\t\t\tAvanc\u00e9es et applications commerciales de l&rsquo;IA dans le secteur m\u00e9dical\t\t\t<\/a>\n\t\t<\/h3>\n\t\t\t\t<div class=\"elementor-post__excerpt\">\n\t\t\t<p>Du diagnostic pr\u00e9coce \u00e0 la gestion des h\u00f4pitaux, les applications bas\u00e9es sur l&rsquo;IA r\u00e9volutionnent la fa\u00e7on<\/p>\n\t\t<\/div>\n\t\t\t\t<\/div>\n\t\t\t\t<div class=\"elementor-post__meta-data\">\n\t\t\t\t\t<span class=\"elementor-post-date\">\n\t\t\t13 de mai de 2025\t\t<\/span>\n\t\t\t\t<span class=\"elementor-post-avatar\">\n\t\t\tAucun commentaire\t\t<\/span>\n\t\t\t\t<\/div>\n\t\t\t\t\t<\/div>\n\t\t<\/article>\n\t\t\t\t<article class=\"elementor-post elementor-grid-item post-62395 post type-post status-publish format-standard has-post-thumbnail hentry category-business category-corporate category-sin-categorizar entry\">\n\t\t\t<div class=\"elementor-post__card\">\n\t\t\t\t<a class=\"elementor-post__thumbnail__link\" href=\"https://blog.infoempresa.com\/fr\/desarrollo-sin-programadores-el-poder-del-low-code-y-vibe-coding-para-pymes\/\" ><div class=\"elementor-post__thumbnail\"><img loading=\"lazy\" decoding=\"async\" width=\"700\" height=\"467\" src=\"https://blog.infoempresa.com\/wp-content\/uploads\/2025\/05\/israel-andrade-YI_9SivVt_s-unsplash-1024x683.jpg\" class=\"attachment-large size-large wp-image-61860\" alt=\"\" srcset=\"https://blog.infoempresa.com\/wp-content\/uploads\/2025\/05\/israel-andrade-YI_9SivVt_s-unsplash-1024x683.jpg 1024w, https://blog.infoempresa.com\/wp-content\/uploads\/2025\/05\/israel-andrade-YI_9SivVt_s-unsplash-300x200.jpg 300w, https://blog.infoempresa.com\/wp-content\/uploads\/2025\/05\/israel-andrade-YI_9SivVt_s-unsplash-768x512.jpg 768w, https://blog.infoempresa.com\/wp-content\/uploads\/2025\/05\/israel-andrade-YI_9SivVt_s-unsplash-1536x1024.jpg 1536w, https://blog.infoempresa.com\/wp-content\/uploads\/2025\/05\/israel-andrade-YI_9SivVt_s-unsplash-2048x1365.jpg 2048w, https://blog.infoempresa.com\/wp-content\/uploads\/2025\/05\/israel-andrade-YI_9SivVt_s-unsplash-1200x800.jpg 1200w, https://blog.infoempresa.com\/wp-content\/uploads\/2025\/05\/israel-andrade-YI_9SivVt_s-unsplash-600x400.jpg 600w, https://blog.infoempresa.com\/wp-content\/uploads\/2025\/05\/israel-andrade-YI_9SivVt_s-unsplash-1736x1157.jpg 1736w\" sizes=\"(max-width: 700px) 100vw, 700px\" \/><\/div><\/a>\n\t\t\t\t<div class=\"elementor-post__badge\">Business<\/div>\n\t\t\t\t<div class=\"elementor-post__text\">\n\t\t\t\t<h3 class=\"elementor-post__title\">\n\t\t\t<a href=\"https://blog.infoempresa.com\/fr\/desarrollo-sin-programadores-el-poder-del-low-code-y-vibe-coding-para-pymes\/\" >\n\t\t\t\tD\u00e9veloppement sans programmeurs\u00a0: la puissance du Low-Code et du Vibe Coding pour les PME\t\t\t<\/a>\n\t\t<\/h3>\n\t\t\t\t<div class=\"elementor-post__excerpt\">\n\t\t\t<p>La transformation num\u00e9rique n&rsquo;est plus une option pour les PME, mais une n\u00e9cessit\u00e9 pour \u00eatre comp\u00e9titives<\/p>\n\t\t<\/div>\n\t\t\t\t<\/div>\n\t\t\t\t<div class=\"elementor-post__meta-data\">\n\t\t\t\t\t<span class=\"elementor-post-date\">\n\t\t\t6 de mai de 2025\t\t<\/span>\n\t\t\t\t<span class=\"elementor-post-avatar\">\n\t\t\tAucun commentaire\t\t<\/span>\n\t\t\t\t<\/div>\n\t\t\t\t\t<\/div>\n\t\t<\/article>\n\t\t\t\t<\/div>\n\t\t\t\t\t<span class=\"e-load-more-spinner\">\n\t\t\t\t<i aria-hidden=\"true\" class=\"fas fa-spinner\"><\/i>\t\t\t<\/span>\n\t\t\n\t\t\t\t<div class=\"e-load-more-anchor\" data-page=\"1\" data-max-page=\"18\" data-next-page=\"https://blog.infoempresa.com\/fr\/wp-json\/wp\/v2\/pages\/3004\/page\/2\/\"><\/div>\n\t\t\t\t<div class=\"elementor-button-wrapper\">\n\t\t\t<a href=\"#\" class=\"elementor-button-link elementor-button\" role=\"button\">\n\t\t\t\t\t\t<span class=\"elementor-button-content-wrapper\">\n\t\t\t\t\t\t<span class=\"elementor-button-text\">+ POSTS<\/span>\n\t\t<\/span>\n\t\t\t\t\t<\/a>\n\t\t<\/div>\n\t\t\t\t<div class=\"e-load-more-message\"><\/div>\n\t\t\t\t<\/div>\n\t\t\t\t<\/div>\n\t\t\t\t\t<\/div>\n\t\t<\/div>\n\t\t\t\t\t\t\t<\/div>\n\t\t<\/section>\n\t\t\t\t\t\t\t<\/div>\n\t\t","protected":false},"excerpt":{"rendered":"","protected":false},"author":1,"featured_media":0,"parent":0,"menu_order":0,"comment_status":"closed","ping_status":"closed","template":"","meta":{"footnotes":""},"_links":{"self":[{"href":"https://blog.infoempresa.com\/fr\/wp-json\/wp\/v2\/pages\/3004"}],"collection":[{"href":"https://blog.infoempresa.com\/fr\/wp-json\/wp\/v2\/pages"}],"about":[{"href":"https://blog.infoempresa.com\/fr\/wp-json\/wp\/v2\/types\/page"}],"author":[{"embeddable":true,"href":"https://blog.infoempresa.com\/fr\/wp-json\/wp\/v2\/users\/1"}],"replies":[{"embeddable":true,"href":"https://blog.infoempresa.com\/fr\/wp-json\/wp\/v2\/comments?post=3004"}],"version-history":[{"count":3,"href":"https://blog.infoempresa.com\/fr\/wp-json\/wp\/v2\/pages\/3004\/revisions"}],"predecessor-version":[{"id":3019,"href":"https://blog.infoempresa.com\/fr\/wp-json\/wp\/v2\/pages\/3004\/revisions\/3019"}],"wp:attachment":[{"href":"https://blog.infoempresa.com\/fr\/wp-json\/wp\/v2\/media?parent=3004"}],"curies":[{"name":"wp","href":"https:\/\/api.w.org\/{rel}","templated":true}]}}